{"id":423,"date":"2022-06-01T09:44:58","date_gmt":"2022-06-01T07:44:58","guid":{"rendered":"https:\/\/technom-live.local\/?page_id=423"},"modified":"2023-07-13T12:13:53","modified_gmt":"2023-07-13T10:13:53","slug":"vermietung","status":"publish","type":"page","link":"https:\/\/technom.com\/de\/vermietung\/","title":{"rendered":"Vermietung"},"content":{"rendered":"\n\t<section class=\"section gradient-styling dark is-full-height\" id=\"section_1452585724\">\n\t\t<div class=\"section-bg fill\" >\n\t\t\t<img loading=\"lazy\" decoding=\"async\" width=\"2560\" height=\"1709\" src=\"https:\/\/technom.com\/de\/wp-content\/uploads\/sites\/3\/2022\/08\/VDL_8325-17-3-scaled.jpg\" class=\"bg attachment-original size-original\" alt=\"\" title=\"\">\t\t\t\t\t\t\n\t\t\t\n\n\t\t<\/div>\n\n\t\t\n\n\t\t<div class=\"section-content relative\">\n\t\t\t\n<div class=\"row\"  id=\"row-2061434717\">\n\n\t<div id=\"col-8294234\" class=\"col full-col-resp medium-7 small-12 large-7\"  >\n\t\t\t\t<div class=\"col-inner\"  >\n\t\t\t\n\t\t\t\n<h2>Schnell geliefert, einfach zu bedienen<\/h2>\n\t<div id=\"text-1183101879\" class=\"text max-525\">\n\t\t\n<p>Unsere L\u00f6sungen werden bei Bau- oder Wartungsarbeiten an Rohrleitungssystemen eingesetzt. Alle unsere Produkte sind direkt ab Lager lieferbar. Notf\u00e4lle In Notf\u00e4llen ist unser Team rund um die Uhr und 365 Tage im Jahr f\u00fcr Sie da!<\/p>\n\t\t\t<\/div>\n\t\n<a href=\"#oplossingen\" class=\"button primary\" >\n\t\t<span>Alle L\u00f6sungen anzeigen<\/span>\n\t<\/a>\n\n\t\t<\/div>\n\t\t\t\t\n<style>\n#col-8294234 > .col-inner {\n  padding: 75px 20px 30px 20px;\n}\n@media (min-width:550px) {\n  #col-8294234 > .col-inner {\n    padding: 30px 20px 30px 20px;\n  }\n}\n<\/style>\n\t<\/div>\n\n\t\n\n\t<div id=\"col-1874858994\" class=\"col medium-5 small-12 large-5\"  >\n\t\t\t\t<div class=\"col-inner\"  >\n\t\t\t\n\t\t\t\n\t\t<\/div>\n\t\t\t\t\t<\/div>\n\n\t\n<\/div>\n\t\t<\/div>\n\n\t\t\n<style>\n#section_1452585724 {\n  padding-top: 30px;\n  padding-bottom: 30px;\n  min-height: 100vh;\n}\n<\/style>\n\t<\/section>\n\t\n<span class=\"scroll-to\" data-label=\"Scroll to: #oplossingen\" data-bullet=\"false\" data-link=\"#oplossingen\" data-title=\"Oplossingen\"><a name=\"oplossingen\"><\/a><\/span>\n\n\t<section class=\"section filter\" id=\"section_1037450628\">\n\t\t<div class=\"section-bg fill\" >\n\t\t\t\t\t\t\t\t\t\n\t\t\t\n\n\t\t<\/div>\n\n\t\t\n\n\t\t<div class=\"section-content relative\">\n\t\t\t\n<div class=\"row align-center\"  id=\"row-1334905810\">\n\n\t<div id=\"col-1923583318\" class=\"col small-12 large-12\"  >\n\t\t\t\t<div class=\"col-inner text-center\"  >\n\t\t\t\n\t\t\t\n<h2>Sehen Sie sich unser Mietangebot an<\/h2>\n\t\t<\/div>\n\t\t\t\t\t<\/div>\n\n\t\n<\/div>\n<div class=\"row\"  id=\"row-146024513\">\n\n\t<div id=\"col-1368909053\" class=\"col small-12 large-12\"  >\n\t\t\t\t<div class=\"col-inner\"  >\n\t\t\t\n\t\t\t\n<div class=\"cl-layout-container\" style=\"--cl-layout-padding:0px;--cl-layout-margin:5px;\"><div  class=\"cl-layout cl-layout--grid cl-layout--id-1605  cl-layout--equal-rows  cl-layout--col-l-3 cl-layout--col-m-3 cl-layout--col-s-2 cl-layout--col-xs-1\"  style=\"--cl-layout-gap-c: 10px;--cl-layout-gap-r: 10px;\n\t\t\" ><div  class=\"cl-layout__item cl-layout__item--id-1606\" ><div  class=\"cl-template cl-template--post cl-template--id-528 cl-template--image-top\" ><div class=\"cl-element cl-element-featured_media cl-element--instance-1004  cl-element-featured_media--sizing-natural\"><a class=\"cl-element-featured_media__anchor\" href=\"https:\/\/technom.com\/de\/dienstleistungen\/mieten\/isolieren\/\" title=\"Schweissnaht isolieren\"><img decoding=\"async\" class=\"cl-element-featured_media__image\" src=\"https:\/\/technom.com\/de\/wp-content\/uploads\/sites\/3\/2022\/11\/Foto-25-07-18-11-55-39-1024x576.jpg\" alt=\"\" title=\"\"><\/a><\/div><div class=\"cl-element cl-element-section cl-element--instance-1005 content\"><h3 class=\"cl-element cl-element-title cl-element--instance-1001 \"><a class=\"cl-element-title__anchor\" href=\"https:\/\/technom.com\/de\/dienstleistungen\/mieten\/isolieren\/\">Schweissnaht isolieren<\/a><\/h3><div class=\"cl-element cl-element-excerpt cl-element--instance-1002 \">Der Einsatz eines Technom-Schweissnaht-Isolierstopfen garantiert eine kohlenwasserstofffreie Arbeitsumgebung f\u00fcr Schweisser und Monteur. Sicher und zertifiziert.<\/div><div class=\"cl-element cl-element-link cl-element--instance-1006 \"><a class=\"cl-element-link__anchor\" href=\"https:\/\/technom.com\/de\/dienstleistungen\/mieten\/isolieren\/\">jetzt entdecken<\/a><\/div><\/div><\/div><\/div><div  class=\"cl-layout__item cl-layout__item--id-1629\" ><div  class=\"cl-template cl-template--post cl-template--id-528 cl-template--image-top\" ><div class=\"cl-element cl-element-featured_media cl-element--instance-1004  cl-element-featured_media--sizing-natural\"><a class=\"cl-element-featured_media__anchor\" href=\"https:\/\/technom.com\/de\/dienstleistungen\/mieten\/druckpruefung\/\" title=\"Druckpr\u00fcfung\"><img decoding=\"async\" class=\"cl-element-featured_media__image\" src=\"https:\/\/technom.com\/de\/wp-content\/uploads\/sites\/3\/2022\/11\/Foto-01-08-18-10-06-24-1024x768.jpg\" alt=\"\" title=\"\"><\/a><\/div><div class=\"cl-element cl-element-section cl-element--instance-1005 content\"><h3 class=\"cl-element cl-element-title cl-element--instance-1001 \"><a class=\"cl-element-title__anchor\" href=\"https:\/\/technom.com\/de\/dienstleistungen\/mieten\/druckpruefung\/\">Druckpr\u00fcfung<\/a><\/h3><div class=\"cl-element cl-element-excerpt cl-element--instance-1002 \">Mit dem Technom Flanschpr\u00fcfstopfen entf\u00e4llt die Notwendigkeit, das gesamte Rohrsystem zu drucktesten. Eine \u00f6rtliche Druckpr\u00fcfung, nur der Schweissnaht des Flansches, bietet zahlreiche Effizienzvorteile.<\/div><div class=\"cl-element cl-element-link cl-element--instance-1006 \"><a class=\"cl-element-link__anchor\" href=\"https:\/\/technom.com\/de\/dienstleistungen\/mieten\/druckpruefung\/\">jetzt entdecken<\/a><\/div><\/div><\/div><\/div><div  class=\"cl-layout__item cl-layout__item--id-1611\" ><div  class=\"cl-template cl-template--post cl-template--id-528 cl-template--image-top\" ><div class=\"cl-element cl-element-featured_media cl-element--instance-1004  cl-element-featured_media--sizing-natural\"><a class=\"cl-element-featured_media__anchor\" href=\"https:\/\/technom.com\/de\/dienstleistungen\/mieten\/lokring-werkzeuge\/\" title=\"Lokring Werkzeuge\"><img decoding=\"async\" class=\"cl-element-featured_media__image\" src=\"https:\/\/technom.com\/de\/wp-content\/uploads\/sites\/3\/2022\/11\/DSC00104-1024x683.jpg\" alt=\"\" title=\"\"><\/a><\/div><div class=\"cl-element cl-element-section cl-element--instance-1005 content\"><h3 class=\"cl-element cl-element-title cl-element--instance-1001 \"><a class=\"cl-element-title__anchor\" href=\"https:\/\/technom.com\/de\/dienstleistungen\/mieten\/lokring-werkzeuge\/\">Lokring Werkzeuge<\/a><\/h3><div class=\"cl-element cl-element-excerpt cl-element--instance-1002 \">Schweissen in ATEX-Zonen? Verwenden Sie Lokring-Fittings, um heisse Arbeiten zu reduzieren, und mieten Sie Lokring-Werkzeuge mit Zubeh\u00f6r bei Technom.<\/div><div class=\"cl-element cl-element-link cl-element--instance-1006 \"><a class=\"cl-element-link__anchor\" href=\"https:\/\/technom.com\/de\/dienstleistungen\/mieten\/lokring-werkzeuge\/\">jetzt entdecken<\/a><\/div><\/div><\/div><\/div><div  class=\"cl-layout__item cl-layout__item--id-2207\" ><div  class=\"cl-template cl-template--post cl-template--id-528 cl-template--image-top\" ><div class=\"cl-element cl-element-featured_media cl-element--instance-1004  cl-element-featured_media--sizing-natural\"><a class=\"cl-element-featured_media__anchor\" href=\"https:\/\/technom.com\/de\/dienstleistungen\/mieten\/ovolifts\/\" title=\"OvoLifts\u00ae Hebesystem\"><img decoding=\"async\" class=\"cl-element-featured_media__image\" src=\"https:\/\/technom.com\/de\/wp-content\/uploads\/sites\/3\/2022\/12\/DSC02366-01-1024x768.jpg\" alt=\"\" title=\"\"><\/a><\/div><div class=\"cl-element cl-element-section cl-element--instance-1005 content\"><h3 class=\"cl-element cl-element-title cl-element--instance-1001 \"><a class=\"cl-element-title__anchor\" href=\"https:\/\/technom.com\/de\/dienstleistungen\/mieten\/ovolifts\/\">OvoLifts\u00ae Hebesystem<\/a><\/h3><div class=\"cl-element cl-element-excerpt cl-element--instance-1002 \">Dieses einzigartige Hebelsystem eignet sich zum Anheben einzelner oder mehrerer Rohre gleichzeitig. Es ist einfach und ferngesteuert mithilfe von Hydraulik bedienbar.<\/div><div class=\"cl-element cl-element-link cl-element--instance-1006 \"><a class=\"cl-element-link__anchor\" href=\"https:\/\/technom.com\/de\/dienstleistungen\/mieten\/ovolifts\/\">jetzt entdecken<\/a><\/div><\/div><\/div><\/div><\/div><\/div>\n\t\t<\/div>\n\t\t\t\t\t<\/div>\n\n\t\n<\/div>\n\t\t<\/div>\n\n\t\t\n<style>\n#section_1037450628 {\n  padding-top: 50px;\n  padding-bottom: 50px;\n}\n@media (min-width:550px) {\n  #section_1037450628 {\n    padding-top: 75px;\n    padding-bottom: 75px;\n  }\n}\n@media (min-width:850px) {\n  #section_1037450628 {\n    padding-top: 100px;\n    padding-bottom: 100px;\n  }\n}\n<\/style>\n\t<\/section>\n\t\n\n\n\t<section class=\"section\" id=\"section_1002260584\">\n\t\t<div class=\"section-bg fill\" >\n\t\t\t\t\t\t\t\t\t\n\t\t\t\n\n\t\t<\/div>\n\n\t\t\n\n\t\t<div class=\"section-content relative\">\n\t\t\t\n<span class=\"scroll-to\" data-label=\"Scroll to: #contact\" data-bullet=\"false\" data-link=\"#contact\" data-title=\"Contact\"><a name=\"contact\"><\/a><\/span>\r\n\r\n\n\t<section class=\"section contact\" id=\"section_245184553\">\n\t\t<div class=\"section-bg fill\" >\n\t\t\t\t\t\t\t\t\t\n\t\t\t\n\n\t\t<\/div>\n\n\t\t\n\n\t\t<div class=\"section-content relative\">\n\t\t\t\r\n\r\n<div class=\"row\"  id=\"row-762188395\">\r\n\r\n\n\t<div id=\"col-711689667\" class=\"col medium-12 small-12 large-5\"  >\n\t\t\t\t<div class=\"col-inner\"  >\n\t\t\t\n\t\t\t\r\n<h2>Kontakt aufnehmen<\/h2>\r\n\t<div id=\"text-3796458655\" class=\"text max-430\">\n\t\t\r\n\r\nSie k\u00f6nnen uns immer erreichen: Wir sind buchst\u00e4blich Tag und Nacht f\u00fcr unsere Kunden da. Jeden Tag im Jahr. Haben Sie eine Frage? Hinterlassen Sie Ihre Daten und wir werden Sie bald kontaktieren!\r\n\r\n\t\t\t<\/div>\n\t\r\n\r\n\t\t<\/div>\n\t\t\t\t\n<style>\n#col-711689667 > .col-inner {\n  padding: 0px 0px 0px 0px;\n}\n<\/style>\n\t<\/div>\n\n\t\r\n\n\t<div id=\"col-1134471024\" class=\"col medium-12 small-12 large-7\"  >\n\t\t\t\t<div class=\"col-inner\"  >\n\t\t\t\n\t\t\t\r\n\r\n<script type=\"text\/javascript\">\n\/* <![CDATA[ *\/\nvar gform;gform||(document.addEventListener(\"gform_main_scripts_loaded\",function(){gform.scriptsLoaded=!0}),document.addEventListener(\"gform\/theme\/scripts_loaded\",function(){gform.themeScriptsLoaded=!0}),window.addEventListener(\"DOMContentLoaded\",function(){gform.domLoaded=!0}),gform={domLoaded:!1,scriptsLoaded:!1,themeScriptsLoaded:!1,isFormEditor:()=>\"function\"==typeof InitializeEditor,callIfLoaded:function(o){return!(!gform.domLoaded||!gform.scriptsLoaded||!gform.themeScriptsLoaded&&!gform.isFormEditor()||(gform.isFormEditor()&&console.warn(\"The use of gform.initializeOnLoaded() is deprecated in the form editor context and will be removed in Gravity Forms 3.1.\"),o(),0))},initializeOnLoaded:function(o){gform.callIfLoaded(o)||(document.addEventListener(\"gform_main_scripts_loaded\",()=>{gform.scriptsLoaded=!0,gform.callIfLoaded(o)}),document.addEventListener(\"gform\/theme\/scripts_loaded\",()=>{gform.themeScriptsLoaded=!0,gform.callIfLoaded(o)}),window.addEventListener(\"DOMContentLoaded\",()=>{gform.domLoaded=!0,gform.callIfLoaded(o)}))},hooks:{action:{},filter:{}},addAction:function(o,r,e,t){gform.addHook(\"action\",o,r,e,t)},addFilter:function(o,r,e,t){gform.addHook(\"filter\",o,r,e,t)},doAction:function(o){gform.doHook(\"action\",o,arguments)},applyFilters:function(o){return gform.doHook(\"filter\",o,arguments)},removeAction:function(o,r){gform.removeHook(\"action\",o,r)},removeFilter:function(o,r,e){gform.removeHook(\"filter\",o,r,e)},addHook:function(o,r,e,t,n){null==gform.hooks[o][r]&&(gform.hooks[o][r]=[]);var d=gform.hooks[o][r];null==n&&(n=r+\"_\"+d.length),gform.hooks[o][r].push({tag:n,callable:e,priority:t=null==t?10:t})},doHook:function(r,o,e){var t;if(e=Array.prototype.slice.call(e,1),null!=gform.hooks[r][o]&&((o=gform.hooks[r][o]).sort(function(o,r){return o.priority-r.priority}),o.forEach(function(o){\"function\"!=typeof(t=o.callable)&&(t=window[t]),\"action\"==r?t.apply(null,e):e[0]=t.apply(null,e)})),\"filter\"==r)return e[0]},removeHook:function(o,r,t,n){var e;null!=gform.hooks[o][r]&&(e=(e=gform.hooks[o][r]).filter(function(o,r,e){return!!(null!=n&&n!=o.tag||null!=t&&t!=o.priority)}),gform.hooks[o][r]=e)}});\n\/* ]]> *\/\n<\/script>\n\n                <div class='gf_browser_gecko gform_wrapper gform_legacy_markup_wrapper gform-theme--no-framework' data-form-theme='legacy' data-form-index='0' id='gform_wrapper_1' ><form method='post' enctype='multipart\/form-data'  id='gform_1'  action='\/de\/wp-json\/wp\/v2\/pages\/423' data-formid='1' novalidate> \r\n <input type='hidden' class='gforms-pum' value='{\"closepopup\":false,\"closedelay\":0,\"openpopup\":false,\"openpopup_id\":0}' \/>\n                        <div class='gform-body gform_body'><ul id='gform_fields_1' class='gform_fields top_label form_sublabel_below description_below validation_below'><li id=\"field_1_8\" class=\"gfield gfield--type-text gfield--width-full gf_left_half field_sublabel_below gfield--no-description field_description_below hidden_label field_validation_below gfield_visibility_visible\"  ><label class='gfield_label gform-field-label' for='input_1_8'>Naam<\/label><div class='ginput_container ginput_container_text'><input name='input_8' id='input_1_8' type='text' value='' class='large'    placeholder='Name'  aria-invalid=\"false\"   \/><\/div><\/li><li id=\"field_1_4\" class=\"gfield gfield--type-phone gf_right_half field_sublabel_below gfield--no-description field_description_below hidden_label field_validation_below gfield_visibility_visible\"  ><label class='gfield_label gform-field-label' for='input_1_4'>telefoonnummer<\/label><div class='ginput_container ginput_container_phone'><input name='input_4' id='input_1_4' type='tel' value='' class='large'  placeholder='Telefonnummer'  aria-invalid=\"false\"   \/><\/div><\/li><li id=\"field_1_5\" class=\"gfield gfield--type-email gf_left_half field_sublabel_below gfield--no-description field_description_below hidden_label field_validation_below gfield_visibility_visible\"  ><label class='gfield_label gform-field-label' for='input_1_5'>E-mailadres<\/label><div class='ginput_container ginput_container_email'>\n                            <input name='input_5' id='input_1_5' type='email' value='' class='large'   placeholder='E-Mail-Addresse'  aria-invalid=\"false\"  \/>\n                        <\/div><\/li><li id=\"field_1_7\" class=\"gfield gfield--type-select gfield--width-full gf_right_half field_sublabel_below gfield--no-description field_description_below hidden_label field_validation_below gfield_visibility_visible\"  ><label class='gfield_label gform-field-label' for='input_1_7'>Functie<\/label><div class='ginput_container ginput_container_select'><select name='input_7' id='input_1_7' class='large gfield_select'     aria-invalid=\"false\" ><option value='' selected='selected' class='gf_placeholder'>Funktion<\/option><option value='Maintenance' >Maintenance<\/option><option value='Inspectie' >Inspectie<\/option><option value='Engineering' >Engineering<\/option><\/select><\/div><\/li><li id=\"field_1_6\" class=\"gfield gfield--type-textarea field_sublabel_below gfield--no-description field_description_below hidden_label field_validation_below gfield_visibility_visible\"  ><label class='gfield_label gform-field-label' for='input_1_6'>Vraag of opmerking<\/label><div class='ginput_container ginput_container_textarea'><textarea name='input_6' id='input_1_6' class='textarea medium'    placeholder='Frage oder Bemerkung'  aria-invalid=\"false\"   rows='10' cols='50'><\/textarea><\/div><\/li><li id=\"field_1_9\" class=\"gfield gfield--type-captcha gfield--width-full field_sublabel_below gfield--no-description field_description_below hidden_label field_validation_below gfield_visibility_visible\"  ><label class='gfield_label gform-field-label' for='input_1_9'>CAPTCHA<\/label><div id='input_1_9' class='ginput_container ginput_recaptcha' data-sitekey='6Ld-nVUlAAAAAHa7cqQvoqPpZPZheXZbj5ubX3aO'  data-theme='light' data-tabindex='0'  data-badge=''><\/div><\/li><\/ul><\/div>\n        <div class='gform-footer gform_footer top_label'> <input type='submit' id='gform_submit_button_1' class='gform_button button' onclick='gform.submission.handleButtonClick(this);' data-submission-type='submit' value='Schicken'  \/> \n            <input type='hidden' class='gform_hidden' name='gform_submission_method' data-js='gform_submission_method_1' value='postback' \/>\n            <input type='hidden' class='gform_hidden' name='gform_theme' data-js='gform_theme_1' id='gform_theme_1' value='legacy' \/>\n            <input type='hidden' class='gform_hidden' name='gform_style_settings' data-js='gform_style_settings_1' id='gform_style_settings_1' value='[]' \/>\n            <input type='hidden' class='gform_hidden' name='is_submit_1' value='1' \/>\n            <input type='hidden' class='gform_hidden' name='gform_submit' value='1' \/>\n            \n            <input type='hidden' class='gform_hidden' name='gform_currency' data-currency='EUR' value='q3nu4dNqkWTDAmxnxLZhyWYlOb3QPfVqgkxxLgf3LgSW2w306ZXXB\/QIz7vdT8ieBWx99ywpgfobfSZJRs8kxqadkQUTi3tIC5x4SxE0W6f1dhQ=' \/>\n            <input type='hidden' class='gform_hidden' name='gform_unique_id' value='' \/>\n            <input type='hidden' class='gform_hidden' name='state_1' value='WyJbXSIsIjAxNWYyOGQ4MjVkY2ZiNTViY2YzMzc4ZTg2OTRiMTkzIl0=' \/>\n            <input type='hidden' autocomplete='off' class='gform_hidden' name='gform_target_page_number_1' id='gform_target_page_number_1' value='0' \/>\n            <input type='hidden' autocomplete='off' class='gform_hidden' name='gform_source_page_number_1' id='gform_source_page_number_1' value='1' \/>\n            <input type='hidden' name='gform_field_values' value='' \/>\n            \n        <\/div>\n                        <\/form>\n                        <\/div><script type=\"text\/javascript\">\n\/* <![CDATA[ *\/\n gform.initializeOnLoaded( function() {gformInitSpinner( 1, 'https:\/\/technom.com\/de\/wp-content\/plugins\/gravityforms\/images\/spinner.svg', true );jQuery('#gform_ajax_frame_1').on('load',function(){var contents = jQuery(this).contents().find('*').html();var is_postback = contents.indexOf('GF_AJAX_POSTBACK') >= 0;if(!is_postback){return;}var form_content = jQuery(this).contents().find('#gform_wrapper_1');var is_confirmation = jQuery(this).contents().find('#gform_confirmation_wrapper_1').length > 0;var is_redirect = contents.indexOf('gformRedirect(){') >= 0;var is_form = form_content.length > 0 && ! is_redirect && ! is_confirmation;var mt = parseInt(jQuery('html').css('margin-top'), 10) + parseInt(jQuery('body').css('margin-top'), 10) + 100;if(is_form){jQuery('#gform_wrapper_1').html(form_content.html());if(form_content.hasClass('gform_validation_error')){jQuery('#gform_wrapper_1').addClass('gform_validation_error');} else {jQuery('#gform_wrapper_1').removeClass('gform_validation_error');}setTimeout( function() { \/* delay the scroll by 50 milliseconds to fix a bug in chrome *\/  }, 50 );if(window['gformInitDatepicker']) {gformInitDatepicker();}if(window['gformInitPriceFields']) {gformInitPriceFields();}var current_page = jQuery('#gform_source_page_number_1').val();gformInitSpinner( 1, 'https:\/\/technom.com\/de\/wp-content\/plugins\/gravityforms\/images\/spinner.svg', true );jQuery(document).trigger('gform_page_loaded', [1, current_page]);window['gf_submitting_1'] = false;}else if(!is_redirect){var confirmation_content = jQuery(this).contents().find('.GF_AJAX_POSTBACK').html();if(!confirmation_content){confirmation_content = contents;}jQuery('#gform_wrapper_1').replaceWith(confirmation_content);jQuery(document).trigger('gform_confirmation_loaded', [1]);window['gf_submitting_1'] = false;wp.a11y.speak(jQuery('#gform_confirmation_message_1').text());}else{jQuery('#gform_1').append(contents);if(window['gformRedirect']) {gformRedirect();}}jQuery(document).trigger(\"gform_pre_post_render\", [{ formId: \"1\", currentPage: \"current_page\", abort: function() { this.preventDefault(); } }]);        if (event && event.defaultPrevented) {                return;        }        const gformWrapperDiv = document.getElementById( \"gform_wrapper_1\" );        if ( gformWrapperDiv ) {            const visibilitySpan = document.createElement( \"span\" );            visibilitySpan.id = \"gform_visibility_test_1\";            gformWrapperDiv.insertAdjacentElement( \"afterend\", visibilitySpan );        }        const visibilityTestDiv = document.getElementById( \"gform_visibility_test_1\" );        let postRenderFired = false;        function triggerPostRender() {            if ( postRenderFired ) {                return;            }            postRenderFired = true;            gform.core.triggerPostRenderEvents( 1, current_page );            if ( visibilityTestDiv ) {                visibilityTestDiv.parentNode.removeChild( visibilityTestDiv );            }        }        function debounce( func, wait, immediate ) {            var timeout;            return function() {                var context = this, args = arguments;                var later = function() {                    timeout = null;                    if ( !immediate ) func.apply( context, args );                };                var callNow = immediate && !timeout;                clearTimeout( timeout );                timeout = setTimeout( later, wait );                if ( callNow ) func.apply( context, args );            };        }        const debouncedTriggerPostRender = debounce( function() {            triggerPostRender();        }, 200 );        if ( visibilityTestDiv && visibilityTestDiv.offsetParent === null ) {            const observer = new MutationObserver( ( mutations ) => {                mutations.forEach( ( mutation ) => {                    if ( mutation.type === 'attributes' && visibilityTestDiv.offsetParent !== null ) {                        debouncedTriggerPostRender();                        observer.disconnect();                    }                });            });            observer.observe( document.body, {                attributes: true,                childList: false,                subtree: true,                attributeFilter: [ 'style', 'class' ],            });        } else {            triggerPostRender();        }    } );} ); \n\/* ]]> *\/\n<\/script>\n\r\n\r\n\t\t<\/div>\n\t\t\t\t\n<style>\n#col-1134471024 > .col-inner {\n  padding: 0px 0px 0px 0px;\n}\n<\/style>\n\t<\/div>\n\n\t\r\n\r\n\n<style>\n#row-762188395 > .col > .col-inner {\n  padding: 25px 0px 0px 0px;\n}\n@media (min-width:850px) {\n  #row-762188395 > .col > .col-inner {\n    padding: 25px 0px 0px 0px;\n  }\n}\n<\/style>\n<\/div>\r\n\r\n\t\t<\/div>\n\n\t\t\n<style>\n#section_245184553 {\n  padding-top: 100px;\n  padding-bottom: 100px;\n  background-color: #e8550d;\n}\n<\/style>\n\t<\/section>\n\t\n\t\t<\/div>\n\n\t\t\n<style>\n#section_1002260584 {\n  padding-top: 0px;\n  padding-bottom: 0px;\n}\n<\/style>\n\t<\/section>\n\t\n","protected":false},"excerpt":{"rendered":"","protected":false},"author":4,"featured_media":0,"parent":0,"menu_order":0,"comment_status":"closed","ping_status":"closed","template":"page-blank.php","meta":{"_acf_changed":false,"om_disable_all_campaigns":false,"wpupg_custom_link":[],"wpupg_custom_link_behaviour":[],"wpupg_custom_link_nofollow":[],"wpupg_custom_image":[],"wpupg_custom_image_id":[],"_uf_show_specific_survey":0,"_uf_disable_surveys":false,"footnotes":""},"class_list":["post-423","page","type-page","status-publish","hentry"],"acf":[],"_links":{"self":[{"href":"https:\/\/technom.com\/de\/wp-json\/wp\/v2\/pages\/423","targetHints":{"allow":["GET"]}}],"collection":[{"href":"https:\/\/technom.com\/de\/wp-json\/wp\/v2\/pages"}],"about":[{"href":"https:\/\/technom.com\/de\/wp-json\/wp\/v2\/types\/page"}],"author":[{"embeddable":true,"href":"https:\/\/technom.com\/de\/wp-json\/wp\/v2\/users\/4"}],"replies":[{"embeddable":true,"href":"https:\/\/technom.com\/de\/wp-json\/wp\/v2\/comments?post=423"}],"version-history":[{"count":2,"href":"https:\/\/technom.com\/de\/wp-json\/wp\/v2\/pages\/423\/revisions"}],"predecessor-version":[{"id":2760,"href":"https:\/\/technom.com\/de\/wp-json\/wp\/v2\/pages\/423\/revisions\/2760"}],"wp:attachment":[{"href":"https:\/\/technom.com\/de\/wp-json\/wp\/v2\/media?parent=423"}],"curies":[{"name":"wp","href":"https:\/\/api.w.org\/{rel}","templated":true}]}}